{"id":3868,"date":"2023-09-30T16:05:02","date_gmt":"2023-09-30T14:05:02","guid":{"rendered":"https:\/\/www.vectracom.fr\/our-achievements\/"},"modified":"2024-04-22T12:03:54","modified_gmt":"2024-04-22T10:03:54","slug":"our-achievements","status":"publish","type":"page","link":"https:\/\/www.vectracom.fr\/en\/our-achievements\/","title":{"rendered":"Our achievements"},"content":{"rendered":"<p>[et_pb_section fb_built=&#8221;1&#8243; custom_padding_last_edited=&#8221;on|phone&#8221; disabled_on=&#8221;off|off|off&#8221; _builder_version=&#8221;4.22.1&#8243; _module_preset=&#8221;default&#8221; background_color=&#8221;rgba(6,40,73,0.75)&#8221; background_image=&#8221;https:\/\/www.vectracom.fr\/wp-content\/uploads\/2024\/03\/r\u00e9alisations-patrimoniales-de-vectracom.jpg&#8221; background_blend=&#8221;overlay&#8221; min_height_tablet=&#8221;633px&#8221; min_height_phone=&#8221;50%&#8221; min_height_last_edited=&#8221;on|phone&#8221; height=&#8221;100vh&#8221; height_tablet=&#8221;&#8221; height_phone=&#8221;&#8221; height_last_edited=&#8221;on|phone&#8221; custom_margin=&#8221;||||false|false&#8221; custom_padding=&#8221;20%||15%||false|false&#8221; custom_padding_tablet=&#8221;155px||155px||true|false&#8221; custom_padding_phone=&#8221;35%||35%||true|false&#8221; hover_enabled=&#8221;0&#8243; locked=&#8221;off&#8221; global_colors_info=&#8221;{}&#8221; alt=&#8221;Les r\u00e9alisations de Vectracom en mati\u00e8re de projets patrimoniaux&#8221; title_text=&#8221;R\u00e9alisations Patrimoniales De Vectracom&#8221; sticky_enabled=&#8221;0&#8243;][et_pb_row _builder_version=&#8221;4.22.1&#8243; _module_preset=&#8221;default&#8221; width_tablet=&#8221;74%&#8221; width_phone=&#8221;80%&#8221; width_last_edited=&#8221;on|desktop&#8221; max_width=&#8221;2560px&#8221; global_colors_info=&#8221;{}&#8221; width__hover_enabled=&#8221;off|hover&#8221; width__hover=&#8221;74%&#8221;][et_pb_column type=&#8221;4_4&#8243; _builder_version=&#8221;4.22.1&#8243; _module_preset=&#8221;default&#8221; global_colors_info=&#8221;{}&#8221;][et_pb_text _builder_version=&#8221;4.22.1&#8243; _module_preset=&#8221;default&#8221; header_font=&#8221;Open Sans|600|||||||&#8221; header_text_color=&#8221;#E10808&#8243; header_line_height=&#8221;1.2em&#8221; header_2_font=&#8221;Open Sans|600|||||||&#8221; header_2_text_color=&#8221;#FFFFFF&#8221; header_2_font_size=&#8221;38px&#8221; header_2_line_height=&#8221;1.2em&#8221; header_3_font=&#8221;Open Sans|600|||||||&#8221; header_3_text_color=&#8221;#FFFFFF&#8221; header_3_font_size=&#8221;24px&#8221; header_3_line_height=&#8221;1.3em&#8221; header_4_font=&#8221;Open Sans|600|||||||&#8221; header_4_text_color=&#8221;#FFFFFF&#8221; header_4_font_size=&#8221;19px&#8221; header_4_line_height=&#8221;1.5em&#8221; header_5_font=&#8221;Open Sans||||||||&#8221; header_5_text_color=&#8221;#FFFFFF&#8221; header_5_font_size=&#8221;19px&#8221; header_5_line_height=&#8221;1.5em&#8221; header_6_line_height=&#8221;1.5em&#8221; background_enable_color=&#8221;off&#8221; width_tablet=&#8221;&#8221; width_phone=&#8221;100%&#8221; width_last_edited=&#8221;on|phone&#8221; animation_style=&#8221;fade&#8221; animation_starting_opacity=&#8221;5%&#8221; global_colors_info=&#8221;{}&#8221;]<\/p>\n<h1><span style=\"color: #ffffff;\">Our <\/span>achievments<\/h1>\n<p>[\/et_pb_text][et_pb_text _builder_version=&#8221;4.22.1&#8243; _module_preset=&#8221;default&#8221; text_font=&#8221;||||||||&#8221; text_text_color=&#8221;#ffffff&#8221; text_font_size=&#8221;16px&#8221; width=&#8221;41%&#8221; width_tablet=&#8221;41%&#8221; width_phone=&#8221;100%&#8221; width_last_edited=&#8221;on|phone&#8221; animation_style=&#8221;fade&#8221; animation_duration=&#8221;1200ms&#8221; animation_delay=&#8221;200ms&#8221; global_colors_info=&#8221;{}&#8221;]<\/p>\n<p><span>Discover our expertise in digitization, remastering and metadata creation. Vectracom brings audiovisual treasures back to life, preserving the past for the future.<\/span><\/p>\n<p>[\/et_pb_text][\/et_pb_column][\/et_pb_row][\/et_pb_section][et_pb_section fb_built=&#8221;1&#8243; custom_padding_last_edited=&#8221;on|desktop&#8221; admin_label=&#8221;Blog&#8221; _builder_version=&#8221;4.22.1&#8243; _module_preset=&#8221;default&#8221; background_color=&#8221;#FFFFFF&#8221; transform_translate_linked=&#8221;off&#8221; custom_margin=&#8221;17px||-71px||false|false&#8221; custom_padding_tablet=&#8221;&#8221; custom_padding_phone=&#8221;&#8221; top_divider_color=&#8221;#062849&#8243; top_divider_height=&#8221;34px&#8221; top_divider_flip=&#8221;vertical|horizontal&#8221; locked=&#8221;off&#8221; global_colors_info=&#8221;{}&#8221;][et_pb_row column_structure=&#8221;1_5,3_5,1_5&#8243; use_custom_gutter=&#8221;on&#8221; gutter_width=&#8221;2&#8243; custom_padding_last_edited=&#8221;on|phone&#8221; _builder_version=&#8221;4.22.1&#8243; _module_preset=&#8221;default&#8221; width_tablet=&#8221;90%&#8221; width_phone=&#8221;90%&#8221; width_last_edited=&#8221;on|phone&#8221; max_width=&#8221;2560px&#8221; module_alignment=&#8221;center&#8221; custom_margin=&#8221;||||false|false&#8221; custom_padding=&#8221;||7%||false|false&#8221; custom_padding_tablet=&#8221;||||false|false&#8221; custom_padding_phone=&#8221;|1%||1%|false|true&#8221; global_colors_info=&#8221;{}&#8221;][et_pb_column type=&#8221;1_5&#8243; _builder_version=&#8221;4.22.1&#8243; _module_preset=&#8221;default&#8221; custom_padding=&#8221;||||false|false&#8221; global_colors_info=&#8221;{}&#8221; custom_css_main_element_last_edited=&#8221;on|phone&#8221; custom_css_main_element_phone=&#8221;display: none !important;&#8221; custom_css_main_element_tablet=&#8221;width: 7%!important&#8221;][\/et_pb_column][et_pb_column type=&#8221;3_5&#8243; _builder_version=&#8221;4.22.1&#8243; _module_preset=&#8221;default&#8221; custom_padding=&#8221;||||false|true&#8221; custom_padding_tablet=&#8221;||||false|true&#8221; custom_padding_phone=&#8221;|3%||3%|false|true&#8221; custom_padding_last_edited=&#8221;on|phone&#8221; global_colors_info=&#8221;{}&#8221; custom_css_main_element_last_edited=&#8221;on|phone&#8221; custom_css_main_element_phone=&#8221;width: 100% !important;&#8221; custom_css_main_element_tablet=&#8221;width: 80% !important&#8221;][et_pb_filterable_portfolio fullwidth=&#8221;off&#8221; posts_number=&#8221;4&#8243; include_categories=&#8221;60,61,62&#8243; show_pagination=&#8221;off&#8221; zoom_icon_color=&#8221;#FFFFFF&#8221; hover_overlay_color=&#8221;rgba(6,40,73,0.5)&#8221; hover_icon=&#8221;&#x4c;||divi||400&#8243; module_class=&#8221;pa-blog-load-more&#8221; _builder_version=&#8221;4.22.1&#8243; _module_preset=&#8221;default&#8221; title_font_size=&#8221;38px&#8221; title_line_height=&#8221;1.2em&#8221; filter_text_color=&#8221;#062849&#8243; caption_text_color=&#8221;#E10808&#8243; custom_margin=&#8221;||||false|true&#8221; custom_margin_tablet=&#8221;||||false|true&#8221; custom_margin_phone=&#8221;||0px||false|true&#8221; custom_margin_last_edited=&#8221;on|phone&#8221; custom_padding=&#8221;||||false|false&#8221; custom_padding_tablet=&#8221;&#8221; custom_padding_phone=&#8221;||||false|false&#8221; custom_padding_last_edited=&#8221;on|phone&#8221; title_font_size_tablet=&#8221;38px&#8221; title_font_size_phone=&#8221;32px&#8221; title_font_size_last_edited=&#8221;on|phone&#8221; custom_css_portfolio_title=&#8221;padding-bottom: 15px;||&#8221; custom_css_portfolio_post_meta=&#8221;padding-bottom: 40px;||text-transform : uppercase;||&#8221; global_colors_info=&#8221;{}&#8221; filter_text_color__hover_enabled=&#8221;on|desktop&#8221; filter_text_color__hover=&#8221;#E10808&#8243; title_text_color__hover_enabled=&#8221;on|hover&#8221; title_text_color__hover=&#8221;#E10808&#8243;][\/et_pb_filterable_portfolio][et_pb_button button_text=&#8221;More achievements&#8221; button_alignment=&#8221;center&#8221; module_id=&#8221;pa_load_more&#8221; _builder_version=&#8221;4.22.1&#8243; _module_preset=&#8221;default&#8221; custom_button=&#8221;on&#8221; button_text_size=&#8221;16px&#8221; button_text_color=&#8221;#FFFFFF&#8221; button_bg_color=&#8221;#E10808&#8243; button_border_width=&#8221;1px&#8221; button_border_color=&#8221;#E10808&#8243; button_border_radius=&#8221;0px&#8221; button_font=&#8221;Open Sans||||||||&#8221; button_icon=&#8221;&#x24;||divi||400&#8243; button_icon_color=&#8221;#FFFFFF&#8221; button_icon_placement=&#8221;left&#8221; custom_margin=&#8221;||7%||false|false&#8221; custom_padding=&#8221;15px|42px|15px|42px|true|true&#8221; global_colors_info=&#8221;{}&#8221;][\/et_pb_button][\/et_pb_column][et_pb_column type=&#8221;1_5&#8243; _builder_version=&#8221;4.22.1&#8243; _module_preset=&#8221;default&#8221; global_colors_info=&#8221;{}&#8221; custom_css_main_element_last_edited=&#8221;on|phone&#8221; custom_css_main_element_phone=&#8221;display: none !important;&#8221; custom_css_main_element_tablet=&#8221;width: 10% !important&#8221;][\/et_pb_column][\/et_pb_row][\/et_pb_section][et_pb_section fb_built=&#8221;1&#8243; fullwidth=&#8221;on&#8221; custom_padding_last_edited=&#8221;on|phone&#8221; _builder_version=&#8221;4.22.1&#8243; _module_preset=&#8221;default&#8221; custom_padding_tablet=&#8221;&#8221; custom_padding_phone=&#8221;||||false|true&#8221; locked=&#8221;off&#8221; global_colors_info=&#8221;{}&#8221;][et_pb_fullwidth_slider use_bg_overlay=&#8221;on&#8221; bg_overlay_color=&#8221;rgba(6,40,73,0.76)&#8221; _builder_version=&#8221;4.22.1&#8243; _module_preset=&#8221;default&#8221; header_font_size=&#8221;38px&#8221; body_line_height=&#8221;3em&#8221; background_image=&#8221;https:\/\/www.vectracom.fr\/wp-content\/uploads\/2023\/09\/business-coach-017.jpg&#8221; parallax=&#8221;on&#8221; button_text_size=&#8221;16px&#8221; button_text_color=&#8221;#FFFFFF&#8221; button_bg_color=&#8221;#E10808&#8243; button_border_width=&#8221;1px&#8221; button_border_color=&#8221;#E10808&#8243; button_border_radius=&#8221;0px&#8221; button_icon=&#8221;&#x24;||divi||400&#8243; button_icon_placement=&#8221;left&#8221; button_custom_margin=&#8221;20px||||false|false&#8221; button_custom_padding=&#8221;15px|57px|15px|57px|true|true&#8221; content_width_tablet=&#8221;&#8221; content_width_phone=&#8221;100%&#8221; content_width_last_edited=&#8221;on|phone&#8221; content_max_width=&#8221;2560px&#8221; custom_margin=&#8221;||||false|false&#8221; custom_padding_tablet=&#8221;&#8221; custom_padding_phone=&#8221;|0px||0px|true|true&#8221; custom_padding_last_edited=&#8221;on|phone&#8221; animation_style=&#8221;fade&#8221; animation_starting_opacity=&#8221;5%&#8221; auto=&#8221;on&#8221; auto_speed=&#8221;8000&#8243; header_text_color_tablet=&#8221;&#8221; header_text_color_phone=&#8221;&#8221; header_text_color_last_edited=&#8221;on|phone&#8221; header_font_size_tablet=&#8221;38px&#8221; header_font_size_phone=&#8221;32px&#8221; header_font_size_last_edited=&#8221;on|phone&#8221; custom_css_slide_title=&#8221;text-shadow: none;&#8221; global_colors_info=&#8221;{}&#8221; button_custom_padding__hover_enabled=&#8221;on|hover&#8221; button_custom_padding__hover=&#8221;|57px||67px|true|false&#8221;][et_pb_slide heading=&#8221;%22 There are two things whose absence would prevent me from living: cinema and grace.%22&#8243; button_text=&#8221;Contact us&#8221; button_link=&#8221;https:\/\/www.vectracom.fr\/en\/contact\/&#8221; use_bg_overlay=&#8221;on&#8221; bg_overlay_color=&#8221;rgba(6,40,73,0.6)&#8221; _builder_version=&#8221;4.22.1&#8243; _module_preset=&#8221;default&#8221; header_font=&#8221;|600|||||||&#8221; header_font_size=&#8221;38px&#8221; header_line_height=&#8221;1.2em&#8221; custom_button=&#8221;on&#8221; button_text_size=&#8221;16px&#8221; button_bg_color=&#8221;#E10808&#8243; button_border_width=&#8221;1px&#8221; button_border_color=&#8221;#E10808&#8243; button_border_radius=&#8221;0px&#8221; button_use_icon=&#8221;on&#8221; button_icon=&#8221;&#x24;||divi||400&#8243; button_icon_placement=&#8221;left&#8221; button_on_hover=&#8221;on&#8221; button_custom_padding=&#8221;15px|57px|15px|57px|true|true&#8221; width=&#8221;66%&#8221; width_tablet=&#8221;66%&#8221; width_phone=&#8221;100%&#8221; width_last_edited=&#8221;on|phone&#8221; custom_padding_tablet=&#8221;&#8221; custom_padding_phone=&#8221;|0px||0px|false|true&#8221; custom_padding_last_edited=&#8221;on|phone&#8221; header_text_color_tablet=&#8221;&#8221; header_text_color_phone=&#8221;&#8221; header_text_color_last_edited=&#8221;on|phone&#8221; header_font_size_tablet=&#8221;&#8221; header_font_size_phone=&#8221;32px&#8221; header_font_size_last_edited=&#8221;on|phone&#8221; global_colors_info=&#8221;{}&#8221; button_custom_margin__hover_enabled=&#8221;on|hover&#8221; button_custom_padding__hover_enabled=&#8221;on|hover&#8221; button_custom_padding__hover=&#8221;|||67px|true|false&#8221; sticky_transition=&#8221;on&#8221;]<\/p>\n<p>Martin SCORSESE<\/p>\n<p>[\/et_pb_slide][\/et_pb_fullwidth_slider][\/et_pb_section]<\/p>\n","protected":false},"excerpt":{"rendered":"<p>Our achievmentsDiscover our expertise in digitization, remastering and metadata creation. Vectracom brings audiovisual treasures back to life, preserving the past for the future.Martin SCORSESE<\/p>\n","protected":false},"author":4,"featured_media":0,"parent":0,"menu_order":0,"comment_status":"closed","ping_status":"closed","template":"","meta":{"_et_pb_use_builder":"on","_et_pb_old_content":"","_et_gb_content_width":"","inline_featured_image":false,"footnotes":""},"class_list":["post-3868","page","type-page","status-publish","hentry"],"acf":[],"_links":{"self":[{"href":"https:\/\/www.vectracom.fr\/en\/wp-json\/wp\/v2\/pages\/3868","targetHints":{"allow":["GET"]}}],"collection":[{"href":"https:\/\/www.vectracom.fr\/en\/wp-json\/wp\/v2\/pages"}],"about":[{"href":"https:\/\/www.vectracom.fr\/en\/wp-json\/wp\/v2\/types\/page"}],"author":[{"embeddable":true,"href":"https:\/\/www.vectracom.fr\/en\/wp-json\/wp\/v2\/users\/4"}],"replies":[{"embeddable":true,"href":"https:\/\/www.vectracom.fr\/en\/wp-json\/wp\/v2\/comments?post=3868"}],"version-history":[{"count":20,"href":"https:\/\/www.vectracom.fr\/en\/wp-json\/wp\/v2\/pages\/3868\/revisions"}],"predecessor-version":[{"id":249147,"href":"https:\/\/www.vectracom.fr\/en\/wp-json\/wp\/v2\/pages\/3868\/revisions\/249147"}],"wp:attachment":[{"href":"https:\/\/www.vectracom.fr\/en\/wp-json\/wp\/v2\/media?parent=3868"}],"curies":[{"name":"wp","href":"https:\/\/api.w.org\/{rel}","templated":true}]}}