{"id":3877,"date":"2023-10-03T17:54:13","date_gmt":"2023-10-03T15:54:13","guid":{"rendered":"https:\/\/www.vectracom.fr\/news\/"},"modified":"2024-04-22T12:05:46","modified_gmt":"2024-04-22T10:05:46","slug":"news","status":"publish","type":"page","link":"https:\/\/www.vectracom.fr\/en\/news\/","title":{"rendered":"News"},"content":{"rendered":"<p>[et_pb_section fb_built=&#8221;1&#8243; custom_padding_last_edited=&#8221;on|phone&#8221; disabled_on=&#8221;off|off|off&#8221; _builder_version=&#8221;4.22.1&#8243; _module_preset=&#8221;default&#8221; background_color=&#8221;rgba(6,40,73,0.75)&#8221; background_image=&#8221;https:\/\/www.vectracom.fr\/wp-content\/uploads\/2024\/03\/actualit\u00e9s-sur-num\u00e9risation-audiovisuelle.jpg&#8221; background_blend=&#8221;overlay&#8221; min_height_tablet=&#8221;633px&#8221; min_height_phone=&#8221;50%&#8221; min_height_last_edited=&#8221;on|phone&#8221; height=&#8221;100vh&#8221; height_tablet=&#8221;&#8221; height_phone=&#8221;&#8221; height_last_edited=&#8221;on|phone&#8221; custom_margin=&#8221;||||false|false&#8221; custom_padding=&#8221;20%||15%||false|false&#8221; custom_padding_tablet=&#8221;155px||155px||true|false&#8221; custom_padding_phone=&#8221;35%||35%||true|false&#8221; hover_enabled=&#8221;0&#8243; locked=&#8221;off&#8221; global_colors_info=&#8221;{}&#8221; alt=&#8221;Les derni\u00e8res avanc\u00e9es en mati\u00e8re de num\u00e9risation et de restauration audiovisuelles&#8221; title_text=&#8221;Actualit\u00e9s Sur Num\u00e9risation Audiovisuelle&#8221; sticky_enabled=&#8221;0&#8243;][et_pb_row _builder_version=&#8221;4.22.1&#8243; _module_preset=&#8221;default&#8221; max_width=&#8221;2560px&#8221; global_colors_info=&#8221;{}&#8221; width__hover_enabled=&#8221;on|desktop&#8221;][et_pb_column type=&#8221;4_4&#8243; _builder_version=&#8221;4.22.1&#8243; _module_preset=&#8221;default&#8221; global_colors_info=&#8221;{}&#8221;][et_pb_text _builder_version=&#8221;4.22.1&#8243; _module_preset=&#8221;default&#8221; header_font=&#8221;Open Sans|600|||||||&#8221; header_text_color=&#8221;#E10808&#8243; header_line_height=&#8221;1.2em&#8221; header_2_font=&#8221;Open Sans|600|||||||&#8221; header_2_text_color=&#8221;#FFFFFF&#8221; header_2_font_size=&#8221;38px&#8221; header_2_line_height=&#8221;1.2em&#8221; header_3_font=&#8221;Open Sans|600|||||||&#8221; header_3_text_color=&#8221;#FFFFFF&#8221; header_3_font_size=&#8221;24px&#8221; header_3_line_height=&#8221;1.3em&#8221; header_4_font=&#8221;Open Sans|600|||||||&#8221; header_4_text_color=&#8221;#FFFFFF&#8221; header_4_font_size=&#8221;19px&#8221; header_4_line_height=&#8221;1.5em&#8221; header_5_font=&#8221;Open Sans||||||||&#8221; header_5_text_color=&#8221;#FFFFFF&#8221; header_5_font_size=&#8221;19px&#8221; header_5_line_height=&#8221;1.5em&#8221; header_6_line_height=&#8221;1.5em&#8221; background_enable_color=&#8221;off&#8221; width_tablet=&#8221;&#8221; width_phone=&#8221;100%&#8221; width_last_edited=&#8221;on|phone&#8221; animation_style=&#8221;fade&#8221; animation_starting_opacity=&#8221;5%&#8221; global_colors_info=&#8221;{}&#8221;]<\/p>\n<h1><span style=\"color: #ffffff;\">Our<\/span> news<\/h1>\n<p>[\/et_pb_text][et_pb_text _builder_version=&#8221;4.22.1&#8243; _module_preset=&#8221;default&#8221; text_font=&#8221;||||||||&#8221; text_text_color=&#8221;#ffffff&#8221; text_font_size=&#8221;16px&#8221; width=&#8221;41%&#8221; width_tablet=&#8221;41%&#8221; width_phone=&#8221;100%&#8221; width_last_edited=&#8221;on|phone&#8221; animation_style=&#8221;fade&#8221; animation_duration=&#8221;1200ms&#8221; animation_delay=&#8221;200ms&#8221; global_colors_info=&#8221;{}&#8221;]<\/p>\n<p>Check out our latest advances in the world of audiovisual digitization and restoration. Follow Vectracom news for constant innovation.<\/p>\n<p>[\/et_pb_text][\/et_pb_column][\/et_pb_row][\/et_pb_section][et_pb_section fb_built=&#8221;1&#8243; custom_padding_last_edited=&#8221;on|phone&#8221; disabled_on=&#8221;off|off|off&#8221; _builder_version=&#8221;4.22.1&#8243; _module_preset=&#8221;default&#8221; custom_margin=&#8221;0px||0px||true|false&#8221; custom_padding=&#8221;||0px|||&#8221; custom_padding_tablet=&#8221;||0px|||&#8221; custom_padding_phone=&#8221;5%||5%||true|false&#8221; global_colors_info=&#8221;{}&#8221; custom_margin__hover_enabled=&#8221;on|desktop&#8221; custom_margin__hover=&#8221;0px||0px||true|false&#8221;][\/et_pb_section][et_pb_section fb_built=&#8221;1&#8243; custom_padding_last_edited=&#8221;on|phone&#8221; prev_background_color=&#8221;#ffffff&#8221; admin_label=&#8221;Blog&#8221; _builder_version=&#8221;4.22.1&#8243; _module_preset=&#8221;default&#8221; background_color=&#8221;#E4E4E4&#8243; transform_translate_linked=&#8221;off&#8221; custom_padding=&#8221;133px||80px||false|false&#8221; custom_padding_tablet=&#8221;133px||80px||false|false&#8221; custom_padding_phone=&#8221;15%||5%||false|false&#8221; top_divider_style=&#8221;ramp2&#8243; top_divider_height=&#8221;270px&#8221; top_divider_flip=&#8221;horizontal|vertical&#8221; locked=&#8221;off&#8221; global_colors_info=&#8221;{}&#8221;][et_pb_row use_custom_gutter=&#8221;on&#8221; gutter_width=&#8221;2&#8243; make_equal=&#8221;on&#8221; _builder_version=&#8221;4.22.1&#8243; _module_preset=&#8221;default&#8221; transform_translate_linked=&#8221;off&#8221; width_tablet=&#8221;&#8221; width_phone=&#8221;&#8221; width_last_edited=&#8221;on|desktop&#8221; max_width=&#8221;2560px&#8221; custom_padding=&#8221;||||false|false&#8221; global_colors_info=&#8221;{}&#8221;][et_pb_column type=&#8221;4_4&#8243; _builder_version=&#8221;4.16&#8243; _module_preset=&#8221;default&#8221; global_colors_info=&#8221;{}&#8221;][et_pb_blog fullwidth=&#8221;off&#8221; posts_number=&#8221;All&#8221; meta_date=&#8221;j M Y&#8221; excerpt_length=&#8221;130&#8243; show_more=&#8221;on&#8221; show_author=&#8221;off&#8221; module_id=&#8221;dc_blog&#8221; _builder_version=&#8221;4.22.1&#8243; _module_preset=&#8221;default&#8221; header_level=&#8221;h3&#8243; header_font=&#8221;Open Sans|600|||||||&#8221; header_text_color=&#8221;#062849&#8243; header_font_size=&#8221;24px&#8221; header_line_height=&#8221;1.3em&#8221; body_font=&#8221;Open Sans||||||||&#8221; meta_font=&#8221;Open Sans|||on|||||&#8221; meta_text_color=&#8221;#E10808&#8243; meta_font_size=&#8221;12px&#8221; meta_letter_spacing=&#8221;1px&#8221; read_more_font=&#8221;Open Sans||||||||&#8221; read_more_text_color=&#8221;#062849&#8243; read_more_font_size=&#8221;16px&#8221; read_more_line_height=&#8221;3em&#8221; pagination_font=&#8221;ABeeZee|700|||||||&#8221; pagination_text_color=&#8221;#273252&#8243; background_enable_color=&#8221;off&#8221; width=&#8221;100%&#8221; animation_style=&#8221;fade&#8221; animation_delay=&#8221;100ms&#8221; header_font_size_tablet=&#8221;18px&#8221; header_font_size_phone=&#8221;16px&#8221; header_font_size_last_edited=&#8221;on|desktop&#8221; custom_css_title=&#8221;padding-top: 15px;||   &#8221; custom_css_content=&#8221;padding-bottom: 20px&#8221; border_width_all=&#8221;0px&#8221; locked=&#8221;off&#8221; global_colors_info=&#8221;{}&#8221; header_font_size__hover_enabled=&#8221;off|hover&#8221; header_text_color__hover_enabled=&#8221;on|desktop&#8221; header_text_color__hover=&#8221;#E10808&#8243; transform_styles__hover_enabled=&#8221;on|hover&#8221; transform_scale__hover_enabled=&#8221;on|hover&#8221; transform_translate__hover_enabled=&#8221;on|hover&#8221; transform_rotate__hover_enabled=&#8221;on|hover&#8221; transform_skew__hover_enabled=&#8221;on|hover&#8221; transform_origin__hover_enabled=&#8221;on|hover&#8221; read_more_text_color__hover_enabled=&#8221;on|desktop&#8221; show_more__hover_enabled=&#8221;off|hover&#8221; read_more_text_color__hover=&#8221;#E10808&#8243;][\/et_pb_blog][\/et_pb_column][\/et_pb_row][\/et_pb_section][et_pb_section fb_built=&#8221;1&#8243; fullwidth=&#8221;on&#8221; custom_padding_last_edited=&#8221;on|phone&#8221; _builder_version=&#8221;4.22.1&#8243; _module_preset=&#8221;default&#8221; custom_padding_tablet=&#8221;&#8221; custom_padding_phone=&#8221;||||false|true&#8221; locked=&#8221;off&#8221; global_colors_info=&#8221;{}&#8221;][et_pb_fullwidth_slider use_bg_overlay=&#8221;on&#8221; bg_overlay_color=&#8221;rgba(6,40,73,0.76)&#8221; _builder_version=&#8221;4.22.1&#8243; _module_preset=&#8221;default&#8221; header_font_size=&#8221;38px&#8221; body_line_height=&#8221;3em&#8221; background_image=&#8221;https:\/\/www.vectracom.fr\/wp-content\/uploads\/2023\/09\/business-coach-017.jpg&#8221; parallax=&#8221;on&#8221; button_text_size=&#8221;16px&#8221; button_text_color=&#8221;#FFFFFF&#8221; button_bg_color=&#8221;#E10808&#8243; button_border_width=&#8221;1px&#8221; button_border_color=&#8221;#E10808&#8243; button_border_radius=&#8221;0px&#8221; button_icon=&#8221;&#x24;||divi||400&#8243; button_icon_placement=&#8221;left&#8221; button_custom_margin=&#8221;20px||||false|false&#8221; button_custom_padding=&#8221;15px|57px|15px|57px|true|true&#8221; content_width_tablet=&#8221;&#8221; content_width_phone=&#8221;100%&#8221; content_width_last_edited=&#8221;on|phone&#8221; content_max_width=&#8221;2560px&#8221; custom_margin=&#8221;||||false|false&#8221; custom_padding_tablet=&#8221;&#8221; custom_padding_phone=&#8221;|0px||0px|true|true&#8221; custom_padding_last_edited=&#8221;on|phone&#8221; animation_style=&#8221;fade&#8221; animation_starting_opacity=&#8221;5%&#8221; auto=&#8221;on&#8221; auto_speed=&#8221;8000&#8243; header_text_color_tablet=&#8221;&#8221; header_text_color_phone=&#8221;&#8221; header_text_color_last_edited=&#8221;on|phone&#8221; header_font_size_tablet=&#8221;38px&#8221; header_font_size_phone=&#8221;32px&#8221; header_font_size_last_edited=&#8221;on|phone&#8221; custom_css_slide_title=&#8221;text-shadow: none;&#8221; global_colors_info=&#8221;{}&#8221; button_custom_padding__hover_enabled=&#8221;on|hover&#8221; button_custom_padding__hover=&#8221;|57px||67px|true|false&#8221;][et_pb_slide heading=&#8221;%22 There are two things whose absence would prevent me from living: cinema and grace.%22&#8243; button_text=&#8221;Contact us&#8221; button_link=&#8221;https:\/\/www.vectracom.fr\/en\/contact\/&#8221; use_bg_overlay=&#8221;on&#8221; bg_overlay_color=&#8221;rgba(6,40,73,0.6)&#8221; _builder_version=&#8221;4.22.1&#8243; _module_preset=&#8221;default&#8221; header_font=&#8221;|600|||||||&#8221; header_font_size=&#8221;38px&#8221; header_line_height=&#8221;1.2em&#8221; custom_button=&#8221;on&#8221; button_text_size=&#8221;16px&#8221; button_bg_color=&#8221;#E10808&#8243; button_border_width=&#8221;1px&#8221; button_border_color=&#8221;#E10808&#8243; button_border_radius=&#8221;0px&#8221; button_use_icon=&#8221;on&#8221; button_icon=&#8221;&#x24;||divi||400&#8243; button_icon_placement=&#8221;left&#8221; button_on_hover=&#8221;on&#8221; button_custom_padding=&#8221;15px|57px|15px|57px|true|true&#8221; width=&#8221;66%&#8221; width_tablet=&#8221;66%&#8221; width_phone=&#8221;100%&#8221; width_last_edited=&#8221;on|phone&#8221; custom_padding_tablet=&#8221;&#8221; custom_padding_phone=&#8221;|0px||0px|false|true&#8221; custom_padding_last_edited=&#8221;on|phone&#8221; header_text_color_tablet=&#8221;&#8221; header_text_color_phone=&#8221;&#8221; header_text_color_last_edited=&#8221;on|phone&#8221; header_font_size_tablet=&#8221;&#8221; header_font_size_phone=&#8221;32px&#8221; header_font_size_last_edited=&#8221;on|phone&#8221; global_colors_info=&#8221;{}&#8221; button_custom_margin__hover_enabled=&#8221;on|hover&#8221; button_custom_padding__hover_enabled=&#8221;on|hover&#8221; button_custom_padding__hover=&#8221;|||67px|true|false&#8221; sticky_transition=&#8221;on&#8221;]<\/p>\n<p>Martin SCORSESE<\/p>\n<p>[\/et_pb_slide][\/et_pb_fullwidth_slider][\/et_pb_section]<\/p>\n","protected":false},"excerpt":{"rendered":"<p>Our newsCheck out our latest advances in the world of audiovisual digitization and restoration. Follow Vectracom news for constant innovation.Martin SCORSESE<\/p>\n","protected":false},"author":4,"featured_media":0,"parent":0,"menu_order":0,"comment_status":"closed","ping_status":"closed","template":"","meta":{"_et_pb_use_builder":"on","_et_pb_old_content":"","_et_gb_content_width":"","inline_featured_image":false,"footnotes":""},"class_list":["post-3877","page","type-page","status-publish","hentry"],"acf":[],"_links":{"self":[{"href":"https:\/\/www.vectracom.fr\/en\/wp-json\/wp\/v2\/pages\/3877","targetHints":{"allow":["GET"]}}],"collection":[{"href":"https:\/\/www.vectracom.fr\/en\/wp-json\/wp\/v2\/pages"}],"about":[{"href":"https:\/\/www.vectracom.fr\/en\/wp-json\/wp\/v2\/types\/page"}],"author":[{"embeddable":true,"href":"https:\/\/www.vectracom.fr\/en\/wp-json\/wp\/v2\/users\/4"}],"replies":[{"embeddable":true,"href":"https:\/\/www.vectracom.fr\/en\/wp-json\/wp\/v2\/comments?post=3877"}],"version-history":[{"count":11,"href":"https:\/\/www.vectracom.fr\/en\/wp-json\/wp\/v2\/pages\/3877\/revisions"}],"predecessor-version":[{"id":249149,"href":"https:\/\/www.vectracom.fr\/en\/wp-json\/wp\/v2\/pages\/3877\/revisions\/249149"}],"wp:attachment":[{"href":"https:\/\/www.vectracom.fr\/en\/wp-json\/wp\/v2\/media?parent=3877"}],"curies":[{"name":"wp","href":"https:\/\/api.w.org\/{rel}","templated":true}]}}