{"id":3880,"date":"2023-09-25T17:18:30","date_gmt":"2023-09-25T15:18:30","guid":{"rendered":"https:\/\/www.vectracom.fr\/contact\/"},"modified":"2024-04-22T12:06:29","modified_gmt":"2024-04-22T10:06:29","slug":"contact","status":"publish","type":"page","link":"https:\/\/www.vectracom.fr\/en\/contact\/","title":{"rendered":"Contact"},"content":{"rendered":"<p>[et_pb_section fb_built=&#8221;1&#8243; custom_padding_last_edited=&#8221;on|phone&#8221; disabled_on=&#8221;off|off|off&#8221; _builder_version=&#8221;4.22.1&#8243; _module_preset=&#8221;default&#8221; background_color=&#8221;rgba(6,40,73,0.75)&#8221; background_image=&#8221;https:\/\/www.vectracom.fr\/wp-content\/uploads\/2024\/03\/projet-patrimoine-nous-contacter.jpg&#8221; background_blend=&#8221;overlay&#8221; min_height_tablet=&#8221;633px&#8221; min_height_phone=&#8221;50%&#8221; min_height_last_edited=&#8221;on|phone&#8221; height=&#8221;100vh&#8221; height_tablet=&#8221;&#8221; height_phone=&#8221;&#8221; height_last_edited=&#8221;on|phone&#8221; custom_margin=&#8221;||||false|false&#8221; custom_padding=&#8221;20%||15%||false|false&#8221; custom_padding_tablet=&#8221;155px||155px||true|false&#8221; custom_padding_phone=&#8221;35%||35%||true|false&#8221; hover_enabled=&#8221;0&#8243; locked=&#8221;off&#8221; global_colors_info=&#8221;{}&#8221; alt=&#8221;Contactez-nous pour toute question relative \u00e0 la restauration et \u00e0 la num\u00e9risation du patrimoine&#8221; title_text=&#8221;Projet Patrimoine Nous Contacter&#8221; sticky_enabled=&#8221;0&#8243;][et_pb_row _builder_version=&#8221;4.22.1&#8243; _module_preset=&#8221;default&#8221; width_tablet=&#8221;74%&#8221; width_phone=&#8221;81%&#8221; width_last_edited=&#8221;on|desktop&#8221; max_width=&#8221;2560px&#8221; global_colors_info=&#8221;{}&#8221; width__hover_enabled=&#8221;off|hover&#8221; width__hover=&#8221;74%&#8221;][et_pb_column type=&#8221;4_4&#8243; _builder_version=&#8221;4.22.1&#8243; _module_preset=&#8221;default&#8221; global_colors_info=&#8221;{}&#8221;][et_pb_text _builder_version=&#8221;4.22.1&#8243; _module_preset=&#8221;default&#8221; header_font=&#8221;Open Sans|600|||||||&#8221; header_text_color=&#8221;#E10808&#8243; header_line_height=&#8221;1.2em&#8221; header_2_font=&#8221;Open Sans|600|||||||&#8221; header_2_text_color=&#8221;#FFFFFF&#8221; header_2_font_size=&#8221;38px&#8221; header_2_line_height=&#8221;1.2em&#8221; header_3_font=&#8221;Open Sans|600|||||||&#8221; header_3_text_color=&#8221;#FFFFFF&#8221; header_3_font_size=&#8221;24px&#8221; header_3_line_height=&#8221;1.3em&#8221; header_4_font=&#8221;Open Sans|600|||||||&#8221; header_4_text_color=&#8221;#FFFFFF&#8221; header_4_font_size=&#8221;19px&#8221; header_4_line_height=&#8221;1.5em&#8221; header_5_font=&#8221;Open Sans||||||||&#8221; header_5_text_color=&#8221;#FFFFFF&#8221; header_5_font_size=&#8221;19px&#8221; header_5_line_height=&#8221;1.5em&#8221; header_6_line_height=&#8221;1.5em&#8221; background_enable_color=&#8221;off&#8221; width_tablet=&#8221;&#8221; width_phone=&#8221;100%&#8221; width_last_edited=&#8221;on|phone&#8221; animation_style=&#8221;fade&#8221; animation_starting_opacity=&#8221;5%&#8221; global_colors_info=&#8221;{}&#8221; width__hover_enabled=&#8221;off|desktop&#8221;]<\/p>\n<h1><span style=\"color: #ffffff;\">Contact<\/span> us<\/h1>\n<p>[\/et_pb_text][et_pb_text _builder_version=&#8221;4.22.1&#8243; _module_preset=&#8221;default&#8221; text_font=&#8221;||||||||&#8221; text_text_color=&#8221;#ffffff&#8221; text_font_size=&#8221;16px&#8221; width=&#8221;41%&#8221; width_tablet=&#8221;41%&#8221; width_phone=&#8221;100%&#8221; width_last_edited=&#8221;on|phone&#8221; animation_style=&#8221;fade&#8221; animation_duration=&#8221;1200ms&#8221; animation_delay=&#8221;200ms&#8221; global_colors_info=&#8221;{}&#8221;]We invite you to contact us for advanced digitization and audiovisual content preservation solutions. Let&#8217;s strengthen your film heritage together.[\/et_pb_text][\/et_pb_column][\/et_pb_row][\/et_pb_section][et_pb_section fb_built=&#8221;1&#8243; disabled_on=&#8221;on|on|off&#8221; _builder_version=&#8221;4.22.1&#8243; _module_preset=&#8221;default&#8221; custom_padding=&#8221;0px||||false|false&#8221; global_colors_info=&#8221;{}&#8221;][\/et_pb_section][et_pb_section fb_built=&#8221;1&#8243; custom_padding_last_edited=&#8221;on|phone&#8221; prev_background_color=&#8221;#ffffff&#8221; _builder_version=&#8221;4.22.1&#8243; _module_preset=&#8221;default&#8221; background_color=&#8221;#E4E4E4&#8243; background_enable_image=&#8221;off&#8221; background_blend=&#8221;overlay&#8221; custom_margin=&#8221;||||false|false&#8221; custom_padding=&#8221;230px||80px||false|false&#8221; custom_padding_tablet=&#8221;230px||80px||false|false&#8221; custom_padding_phone=&#8221;50%||10%||false|false&#8221; top_divider_style=&#8221;ramp2&#8243; top_divider_height=&#8221;175px&#8221; locked=&#8221;off&#8221; global_colors_info=&#8221;{}&#8221;][et_pb_row _builder_version=&#8221;4.22.1&#8243; _module_preset=&#8221;default&#8221; max_width=&#8221;2560px&#8221; global_colors_info=&#8221;{}&#8221;][et_pb_column type=&#8221;4_4&#8243; _builder_version=&#8221;4.22.1&#8243; _module_preset=&#8221;default&#8221; global_colors_info=&#8221;{}&#8221;][et_pb_text _builder_version=&#8221;4.22.1&#8243; _module_preset=&#8221;default&#8221; header_font=&#8221;Open Sans|600|||||||&#8221; header_text_align=&#8221;center&#8221; header_text_color=&#8221;#142C43&#8243; header_line_height=&#8221;1.2em&#8221; header_2_font=&#8221;Open Sans|600|||||||&#8221; header_2_text_align=&#8221;center&#8221; header_2_text_color=&#8221;#062849&#8243; header_2_font_size=&#8221;38px&#8221; header_2_line_height=&#8221;1.2em&#8221; header_3_font=&#8221;Open Sans|600|||||||&#8221; header_3_text_color=&#8221;#142C43&#8243; header_3_font_size=&#8221;24px&#8221; header_3_line_height=&#8221;1.3em&#8221; header_4_font=&#8221;Open Sans|600|||||||&#8221; header_4_text_color=&#8221;#142C43&#8243; header_4_font_size=&#8221;19px&#8221; header_4_line_height=&#8221;1.5em&#8221; header_5_font=&#8221;Open Sans||||||||&#8221; header_5_text_color=&#8221;#142C43&#8243; header_5_font_size=&#8221;19px&#8221; header_5_line_height=&#8221;1.5em&#8221; header_6_line_height=&#8221;1.5em&#8221; width=&#8221;65%&#8221; width_tablet=&#8221;65%&#8221; width_phone=&#8221;100%&#8221; width_last_edited=&#8221;on|phone&#8221; module_alignment=&#8221;center&#8221; custom_padding=&#8221;||5%||false|false&#8221; custom_padding_tablet=&#8221;||5%||false|false&#8221; custom_padding_phone=&#8221;||5%||false|false&#8221; custom_padding_last_edited=&#8221;on|desktop&#8221; animation_style=&#8221;fade&#8221; animation_direction=&#8221;right&#8221; animation_duration=&#8221;1200ms&#8221; animation_starting_opacity=&#8221;5%&#8221; header_text_align_tablet=&#8221;center&#8221; header_text_align_phone=&#8221;left&#8221; header_text_align_last_edited=&#8221;on|phone&#8221; header_2_text_align_tablet=&#8221;center&#8221; header_2_text_align_phone=&#8221;left&#8221; header_2_text_align_last_edited=&#8221;on|phone&#8221; header_2_font_size_tablet=&#8221;38px&#8221; header_2_font_size_phone=&#8221;32px&#8221; header_2_font_size_last_edited=&#8221;on|desktop&#8221; locked=&#8221;off&#8221; global_colors_info=&#8221;{}&#8221;]<\/p>\n<h2>Please leave a message and a member of our team will contact you shortly.<\/h2>\n<p>[\/et_pb_text][dvppl_cf7_styler button_alignment=&#8221;center&#8221; cf7=&#8221;4042&#8243; form_field_height=&#8221;60px&#8221; form_field_padding=&#8221;|15px||20px|true|false&#8221; form_background_color=&#8221;#F2F2F2&#8243; form_field_active_color=&#8221;#062849&#8243; cr_custom_styles=&#8221;on&#8221; cr_selected_color=&#8221;#E10808&#8243; cr_border_color=&#8221;#062849&#8243; cr_label_color=&#8221;#062849&#8243; cf7_message_color=&#8221;#E10808&#8243; cf7_border_highlight_color=&#8221;RGBA(255,255,255,0)&#8221; cf7_success_message_color=&#8221;#062849&#8243; cf7_error_message_color=&#8221;#E10808&#8243; cf7_error_border_color=&#8221;RGBA(255,255,255,0)&#8221; _builder_version=&#8221;4.22.1&#8243; _module_preset=&#8221;default&#8221; form_field_font_font_size=&#8221;16px&#8221; custom_submit_button=&#8221;on&#8221; submit_button_text_size=&#8221;16px&#8221; submit_button_bg_color=&#8221;#E10808&#8243; submit_button_border_width=&#8221;0px&#8221; submit_button_border_radius=&#8221;0px&#8221; submit_button_font=&#8221;||||||||&#8221; submit_button_custom_margin=&#8221;40px||||false|false&#8221; submit_button_custom_padding=&#8221;20px|38px|20px|38px|true|true&#8221; submit_button_font_tablet=&#8221;||||||||&#8221; submit_button_font_phone=&#8221;||||||||&#8221; submit_button_font_last_edited=&#8221;on|phone&#8221; border_color_all_field=&#8221;RGBA(255,255,255,0)&#8221; global_colors_info=&#8221;{}&#8221; border_color_all_field__hover_enabled=&#8221;on|desktop&#8221; border_color_all_field__hover=&#8221;#062849&#8243; form_field_font_text_color__hover_enabled=&#8221;on|desktop&#8221; form_field_font_text_color__hover=&#8221;#062849&#8243; submit_button_text_color__hover_enabled=&#8221;on|hover&#8221; submit_button_text_color__hover=&#8221;#062849&#8243;][\/dvppl_cf7_styler][\/et_pb_column][\/et_pb_row][\/et_pb_section][et_pb_section fb_built=&#8221;1&#8243; custom_padding_last_edited=&#8221;on|phone&#8221; _builder_version=&#8221;4.22.1&#8243; _module_preset=&#8221;default&#8221; custom_padding=&#8221;114px|||||&#8221; custom_padding_tablet=&#8221;114px|||||&#8221; custom_padding_phone=&#8221;5%||8%||false|false&#8221; global_colors_info=&#8221;{}&#8221;][et_pb_row column_structure=&#8221;1_2,1_2&#8243; make_equal=&#8221;on&#8221; _builder_version=&#8221;4.22.1&#8243; _module_preset=&#8221;default&#8221; max_width=&#8221;2560px&#8221; global_colors_info=&#8221;{}&#8221;][et_pb_column type=&#8221;1_2&#8243; _builder_version=&#8221;4.22.1&#8243; _module_preset=&#8221;default&#8221; global_colors_info=&#8221;{}&#8221;][et_pb_text _builder_version=&#8221;4.22.1&#8243; _module_preset=&#8221;default&#8221; text_font_size=&#8221;16px&#8221; header_font=&#8221;Open Sans|600|||||||&#8221; header_text_color=&#8221;#062849&#8243; header_line_height=&#8221;1.2em&#8221; header_2_font=&#8221;Open Sans|600|||||||&#8221; header_2_text_color=&#8221;#062849&#8243; header_2_font_size=&#8221;38px&#8221; header_2_line_height=&#8221;1.2em&#8221; header_3_font=&#8221;Open Sans|600|||||||&#8221; header_3_text_color=&#8221;#062849&#8243; header_3_font_size=&#8221;24px&#8221; header_3_line_height=&#8221;1.3em&#8221; header_4_font=&#8221;Open Sans|600|||||||&#8221; header_4_text_color=&#8221;#062849&#8243; header_4_font_size=&#8221;19px&#8221; header_4_line_height=&#8221;1.5em&#8221; header_5_font=&#8221;Open Sans||||||||&#8221; header_5_text_color=&#8221;#062849&#8243; header_5_font_size=&#8221;19px&#8221; header_5_line_height=&#8221;1.5em&#8221; header_6_text_color=&#8221;#062849&#8243; header_6_line_height=&#8221;1.5em&#8221; width=&#8221;85%&#8221; module_alignment=&#8221;left&#8221; animation_style=&#8221;fade&#8221; animation_duration=&#8221;1200ms&#8221; animation_starting_opacity=&#8221;5%&#8221; global_colors_info=&#8221;{}&#8221;]<\/p>\n<h2>You can meet us at our headquarters in the Paris region :<\/h2>\n<p>[\/et_pb_text][et_pb_text _builder_version=&#8221;4.22.1&#8243; _module_preset=&#8221;default&#8221; text_font_size=&#8221;16px&#8221; header_font=&#8221;Open Sans|600|||||||&#8221; header_text_color=&#8221;#062849&#8243; header_line_height=&#8221;1.2em&#8221; header_2_font=&#8221;Open Sans|600|||||||&#8221; header_2_text_color=&#8221;#062849&#8243; header_2_font_size=&#8221;38px&#8221; header_2_line_height=&#8221;1.2em&#8221; header_3_font=&#8221;Open Sans|600|||||||&#8221; header_3_text_color=&#8221;#062849&#8243; header_3_font_size=&#8221;24px&#8221; header_3_line_height=&#8221;1.3em&#8221; header_4_font=&#8221;Open Sans|600|||||||&#8221; header_4_text_color=&#8221;#062849&#8243; header_4_font_size=&#8221;19px&#8221; header_4_line_height=&#8221;1.5em&#8221; header_5_font=&#8221;Open Sans||||||||&#8221; header_5_text_color=&#8221;#062849&#8243; header_5_font_size=&#8221;19px&#8221; header_5_line_height=&#8221;1.5em&#8221; header_6_text_color=&#8221;#062849&#8243; header_6_line_height=&#8221;1.5em&#8221; width=&#8221;100%&#8221; module_alignment=&#8221;center&#8221; animation_style=&#8221;fade&#8221; animation_duration=&#8221;1200ms&#8221; animation_delay=&#8221;200ms&#8221; link_option_url=&#8221;https:\/\/maps.app.goo.gl\/fvS49kx31shqEe6RA&#8221; link_option_url_new_window=&#8221;on&#8221; global_colors_info=&#8221;{}&#8221;]<\/p>\n<h2><\/h2>\n<p>Vectracom<br \/>2, rue de la justice<br \/>93210 La Plaine St-Denis &#8211; FRANCE<\/p>\n<p>[\/et_pb_text][et_pb_text _builder_version=&#8221;4.22.1&#8243; _module_preset=&#8221;default&#8221; text_font_size=&#8221;16px&#8221; header_font=&#8221;Open Sans|600|||||||&#8221; header_text_color=&#8221;#062849&#8243; header_line_height=&#8221;1.2em&#8221; header_2_font=&#8221;Open Sans|600|||||||&#8221; header_2_text_color=&#8221;#062849&#8243; header_2_font_size=&#8221;38px&#8221; header_2_line_height=&#8221;1.2em&#8221; header_3_font=&#8221;Open Sans|600|||||||&#8221; header_3_text_color=&#8221;#062849&#8243; header_3_font_size=&#8221;24px&#8221; header_3_line_height=&#8221;1.3em&#8221; header_4_font=&#8221;Open Sans|600|||||||&#8221; header_4_text_color=&#8221;#062849&#8243; header_4_font_size=&#8221;19px&#8221; header_4_line_height=&#8221;1.5em&#8221; header_5_font=&#8221;Open Sans||||||||&#8221; header_5_text_color=&#8221;#062849&#8243; header_5_font_size=&#8221;19px&#8221; header_5_line_height=&#8221;1.5em&#8221; header_6_text_color=&#8221;#062849&#8243; header_6_line_height=&#8221;1.5em&#8221; width=&#8221;100%&#8221; module_alignment=&#8221;center&#8221; animation_style=&#8221;fade&#8221; animation_duration=&#8221;1200ms&#8221; animation_delay=&#8221;300ms&#8221; global_colors_info=&#8221;{}&#8221;]<\/p>\n<p><a href=\"tel:+33155934242\" target=\"_blank\" rel=\"noopener\">01 55 93 42 42<\/a><br \/><a href=\"mailto:info@vectracom.fr\" target=\"_blank\" rel=\"noopener\">info@vectracom.fr<\/a><\/p>\n<p>[\/et_pb_text][\/et_pb_column][et_pb_column type=&#8221;1_2&#8243; _builder_version=&#8221;4.22.1&#8243; _module_preset=&#8221;default&#8221; custom_padding_tablet=&#8221;&#8221; custom_padding_phone=&#8221;10%||||false|false&#8221; custom_padding_last_edited=&#8221;on|phone&#8221; global_colors_info=&#8221;{}&#8221;][et_pb_map address=&#8221;2 Rue de la Justice, 93210 Saint-Denis, France&#8221; zoom_level=&#8221;16&#8243; address_lat=&#8221;48.9129572&#8243; address_lng=&#8221;2.3630235&#8243; mouse_wheel=&#8221;off&#8221; mobile_dragging=&#8221;off&#8221; _builder_version=&#8221;4.22.1&#8243; _module_preset=&#8221;default&#8221; background_color=&#8221;#062849&#8243; background_blend=&#8221;overlay&#8221; height=&#8221;460px&#8221; child_filter_brightness=&#8221;90%&#8221; link_option_url_new_window=&#8221;on&#8221; global_colors_info=&#8221;{}&#8221;][et_pb_map_pin title=&#8221;VECTRACOM&#8221; pin_address=&#8221;2 Rue de la Justice, 93210 Saint-Denis, France&#8221; zoom_level=&#8221;11&#8243; pin_address_lat=&#8221;48.9129572&#8243; pin_address_lng=&#8221;2.3630235&#8243; _builder_version=&#8221;4.22.1&#8243; _module_preset=&#8221;default&#8221; global_colors_info=&#8221;{}&#8221;]<\/p>\n<p><a href=\"https:\/\/maps.app.goo.gl\/fvS49kx31shqEe6RA\" target=\"_blank\" rel=\"noopener\">2 rue de la justice 93210 La Plaine St-Denis<\/a><\/p>\n<p>[\/et_pb_map_pin][\/et_pb_map][\/et_pb_column][\/et_pb_row][\/et_pb_section][et_pb_section fb_built=&#8221;1&#8243; fullwidth=&#8221;on&#8221; custom_padding_last_edited=&#8221;on|phone&#8221; _builder_version=&#8221;4.22.1&#8243; _module_preset=&#8221;default&#8221; custom_padding_tablet=&#8221;&#8221; custom_padding_phone=&#8221;||||false|true&#8221; global_colors_info=&#8221;{}&#8221;][et_pb_fullwidth_slider use_bg_overlay=&#8221;on&#8221; bg_overlay_color=&#8221;rgba(6,40,73,0.76)&#8221; _builder_version=&#8221;4.22.1&#8243; _module_preset=&#8221;default&#8221; header_font=&#8221;|600|||||||&#8221; header_font_size=&#8221;32px&#8221; body_line_height=&#8221;3em&#8221; background_image=&#8221;https:\/\/www.vectracom.fr\/wp-content\/uploads\/2023\/09\/business-coach-017.jpg&#8221; parallax=&#8221;on&#8221; button_text_size=&#8221;16px&#8221; button_text_color=&#8221;#FFFFFF&#8221; button_bg_color=&#8221;#E10808&#8243; button_border_width=&#8221;1px&#8221; button_border_color=&#8221;#E10808&#8243; button_border_radius=&#8221;0px&#8221; button_icon=&#8221;&#x24;||divi||400&#8243; button_icon_placement=&#8221;left&#8221; button_custom_margin=&#8221;20px||||false|false&#8221; button_custom_padding=&#8221;15px|57px|15px|57px|true|true&#8221; content_width_tablet=&#8221;&#8221; content_width_phone=&#8221;100%&#8221; content_width_last_edited=&#8221;on|phone&#8221; content_max_width=&#8221;2560px&#8221; custom_margin=&#8221;||||false|false&#8221; custom_padding_tablet=&#8221;&#8221; custom_padding_phone=&#8221;|0px||0px|true|true&#8221; custom_padding_last_edited=&#8221;on|phone&#8221; animation_style=&#8221;fade&#8221; animation_starting_opacity=&#8221;5%&#8221; auto=&#8221;on&#8221; auto_speed=&#8221;8000&#8243; header_font_tablet=&#8221;|600|||||||&#8221; header_font_phone=&#8221;|600|||||||&#8221; header_font_last_edited=&#8221;on|desktop&#8221; header_text_color_tablet=&#8221;&#8221; header_text_color_phone=&#8221;&#8221; header_text_color_last_edited=&#8221;on|phone&#8221; custom_css_slide_title=&#8221;text-shadow: none;&#8221; global_colors_info=&#8221;{}&#8221; button_custom_padding__hover_enabled=&#8221;on|hover&#8221; button_custom_padding__hover=&#8221;|57px||67px|true|false&#8221;][et_pb_slide heading=&#8221;%22 There are two things whose absence would prevent me from living: cinema and grace.%22&#8243; use_bg_overlay=&#8221;on&#8221; bg_overlay_color=&#8221;rgba(6,40,73,0.6)&#8221; _builder_version=&#8221;4.22.1&#8243; _module_preset=&#8221;default&#8221; header_font=&#8221;|600|||||||&#8221; header_font_size=&#8221;38px&#8221; header_line_height=&#8221;1.2em&#8221; custom_button=&#8221;on&#8221; button_text_size=&#8221;16px&#8221; button_bg_color=&#8221;#E10808&#8243; button_border_width=&#8221;1px&#8221; button_border_color=&#8221;#E10808&#8243; button_border_radius=&#8221;0px&#8221; button_use_icon=&#8221;on&#8221; button_icon=&#8221;&#x24;||divi||400&#8243; button_icon_placement=&#8221;left&#8221; button_on_hover=&#8221;on&#8221; button_custom_padding=&#8221;15px|57px|15px|57px|true|true&#8221; width=&#8221;66%&#8221; width_tablet=&#8221;66%&#8221; width_phone=&#8221;100%&#8221; width_last_edited=&#8221;on|phone&#8221; custom_padding_tablet=&#8221;&#8221; custom_padding_phone=&#8221;|0px||0px|false|true&#8221; custom_padding_last_edited=&#8221;on|phone&#8221; header_text_color_tablet=&#8221;&#8221; header_text_color_phone=&#8221;&#8221; header_text_color_last_edited=&#8221;on|phone&#8221; header_font_size_tablet=&#8221;&#8221; header_font_size_phone=&#8221;32px&#8221; header_font_size_last_edited=&#8221;on|phone&#8221; global_colors_info=&#8221;{}&#8221; button_custom_margin__hover_enabled=&#8221;on|hover&#8221; button_custom_padding__hover_enabled=&#8221;on|hover&#8221; button_custom_padding__hover=&#8221;|||67px|true|false&#8221; sticky_transition=&#8221;on&#8221;]<\/p>\n<p>Martin SCORSESE<\/p>\n<p>[\/et_pb_slide][\/et_pb_fullwidth_slider][\/et_pb_section]<\/p>\n","protected":false},"excerpt":{"rendered":"<p>Contact usWe invite you to contact us for advanced digitization and audiovisual content preservation solutions. Let&#8217;s strengthen your film heritage together.Please leave a message and a member of our team will contact you shortly.<div class=\"et_pb_module dvppl_cf7_styler dvppl_cf7_styler_0\">\n\t\t\t\t\n\t\t\t\t\n\t\t\t\t\n\t\t\t\t\n\t\t\t\t\n\t\t\t\t\n\t\t\t\t<div class=\"et_pb_module_inner\">\n\t\t\t\t\t<div class=\"dipe-cf7-container dipe-cf7-button-&#8221;center&#8221;\">\n\t\t\t\t\n\t\t\t\t<div class=\"dipe-cf7 dipe-cf7-styler \">\n\t\t\t\t\t<p class=\"wpcf7-contact-form-not-found\"><strong>Error:<\/strong> Contact form not found.<\/p>\n\t\t\t\t<\/div>\n\t\t\t<\/div>\n\t\t\t\t<\/div>\n\t\t\t<\/div><\/p>\n","protected":false},"author":4,"featured_media":0,"parent":0,"menu_order":0,"comment_status":"closed","ping_status":"closed","template":"","meta":{"_et_pb_use_builder":"on","_et_pb_old_content":"","_et_gb_content_width":"","inline_featured_image":false,"footnotes":""},"class_list":["post-3880","page","type-page","status-publish","hentry"],"acf":[],"_links":{"self":[{"href":"https:\/\/www.vectracom.fr\/en\/wp-json\/wp\/v2\/pages\/3880","targetHints":{"allow":["GET"]}}],"collection":[{"href":"https:\/\/www.vectracom.fr\/en\/wp-json\/wp\/v2\/pages"}],"about":[{"href":"https:\/\/www.vectracom.fr\/en\/wp-json\/wp\/v2\/types\/page"}],"author":[{"embeddable":true,"href":"https:\/\/www.vectracom.fr\/en\/wp-json\/wp\/v2\/users\/4"}],"replies":[{"embeddable":true,"href":"https:\/\/www.vectracom.fr\/en\/wp-json\/wp\/v2\/comments?post=3880"}],"version-history":[{"count":24,"href":"https:\/\/www.vectracom.fr\/en\/wp-json\/wp\/v2\/pages\/3880\/revisions"}],"predecessor-version":[{"id":249150,"href":"https:\/\/www.vectracom.fr\/en\/wp-json\/wp\/v2\/pages\/3880\/revisions\/249150"}],"wp:attachment":[{"href":"https:\/\/www.vectracom.fr\/en\/wp-json\/wp\/v2\/media?parent=3880"}],"curies":[{"name":"wp","href":"https:\/\/api.w.org\/{rel}","templated":true}]}}